{"id":17,"date":"2024-12-23T06:44:48","date_gmt":"2024-12-23T06:44:48","guid":{"rendered":"https:\/\/ar-cable.de\/team\/"},"modified":"2025-02-17T14:19:14","modified_gmt":"2025-02-17T14:19:14","slug":"team","status":"publish","type":"page","link":"https:\/\/ar-cable.de\/en\/team\/","title":{"rendered":"Team"},"content":{"rendered":"<div class=\"wp-block-group alignfull has-background-background-color has-background has-global-padding is-layout-constrained wp-block-group-is-layout-constrained\" style=\"margin-top:0;margin-bottom:0;padding-top:0;padding-bottom:0\">\n<div class=\"wp-block-cover alignfull\" style=\"padding-top:0;padding-right:var(--wp--preset--spacing--30);padding-bottom:0;padding-left:var(--wp--preset--spacing--30);min-height:50px;aspect-ratio:unset;\"><span aria-hidden=\"true\" class=\"wp-block-cover__background has-black-background-color has-background-dim-60 has-background-dim\"><\/span><img loading=\"lazy\" decoding=\"async\" width=\"2560\" height=\"1707\" class=\"wp-block-cover__image-background wp-image-155\" alt=\"\" src=\"https:\/\/ar-cable.de\/wp-content\/uploads\/2025\/02\/dylan-gillis-KdeqA3aTnBY-unsplash-scaled.jpg\" data-object-fit=\"cover\" srcset=\"https:\/\/ar-cable.de\/wp-content\/uploads\/2025\/02\/dylan-gillis-KdeqA3aTnBY-unsplash-scaled.jpg 2560w, https:\/\/ar-cable.de\/wp-content\/uploads\/2025\/02\/dylan-gillis-KdeqA3aTnBY-unsplash-300x200.jpg 300w, https:\/\/ar-cable.de\/wp-content\/uploads\/2025\/02\/dylan-gillis-KdeqA3aTnBY-unsplash-1024x683.jpg 1024w, https:\/\/ar-cable.de\/wp-content\/uploads\/2025\/02\/dylan-gillis-KdeqA3aTnBY-unsplash-768x512.jpg 768w, https:\/\/ar-cable.de\/wp-content\/uploads\/2025\/02\/dylan-gillis-KdeqA3aTnBY-unsplash-1536x1024.jpg 1536w, https:\/\/ar-cable.de\/wp-content\/uploads\/2025\/02\/dylan-gillis-KdeqA3aTnBY-unsplash-2048x1365.jpg 2048w, https:\/\/ar-cable.de\/wp-content\/uploads\/2025\/02\/dylan-gillis-KdeqA3aTnBY-unsplash-18x12.jpg 18w\" sizes=\"auto, (max-width: 2560px) 100vw, 2560px\" \/><div class=\"wp-block-cover__inner-container is-layout-flow wp-block-cover-is-layout-flow\">\n<div class=\"wp-block-group has-global-padding is-layout-constrained wp-block-group-is-layout-constrained\" style=\"padding-top:var(--wp--preset--spacing--60);padding-bottom:var(--wp--preset--spacing--60)\">\n<h1 class=\"wp-block-heading alignwide has-text-align-left has-text-color has-x-large-font-size\" style=\"color:#fffffffc\">Our Experts in Innovative Cable Technologies<\/h1>\n<\/div>\n<\/div><\/div>\n<\/div>\n\n\n\n<div class=\"wp-block-group alignfull has-tertiary-background-color has-background has-global-padding is-layout-constrained wp-container-core-group-is-layout-7276a2bb wp-block-group-is-layout-constrained\" id=\"team\" style=\"margin-top:0;margin-bottom:0;padding-top:var(--wp--preset--spacing--60);padding-right:var(--wp--preset--spacing--30);padding-bottom:var(--wp--preset--spacing--60);padding-left:var(--wp--preset--spacing--30)\">\n<div class=\"wp-block-columns alignwide is-layout-flex wp-container-core-columns-is-layout-d0846407 wp-block-columns-is-layout-flex\">\n<div class=\"wp-block-column is-layout-flow wp-block-column-is-layout-flow\">\n<figure class=\"wp-block-image aligncenter size-full is-resized is-style-rounded wp-duotone-unset-1\"><img loading=\"lazy\" decoding=\"async\" width=\"750\" height=\"750\" src=\"https:\/\/ar-cable.de\/wp-content\/uploads\/2025\/02\/1728393665538.png\" alt=\"\" class=\"wp-image-112\" style=\"object-fit:cover;width:242px;height:auto\" srcset=\"https:\/\/ar-cable.de\/wp-content\/uploads\/2025\/02\/1728393665538.png 750w, https:\/\/ar-cable.de\/wp-content\/uploads\/2025\/02\/1728393665538-300x300.png 300w, https:\/\/ar-cable.de\/wp-content\/uploads\/2025\/02\/1728393665538-150x150.png 150w\" sizes=\"auto, (max-width: 750px) 100vw, 750px\" \/><\/figure>\n\n\n\n<h4 class=\"wp-block-heading has-text-align-left\" style=\"margin-top:20px;font-size:clamp(14px, 0.875rem + ((1vw - 3.2px) * 0.625), 20px);\"><strong>Robin Bliefernich<\/strong> <\/h4>\n\n\n\n<ul class=\"wp-block-social-links has-small-icon-size has-icon-color is-style-logos-only is-layout-flex wp-container-core-social-links-is-layout-6ba166b4 wp-block-social-links-is-layout-flex\" style=\"margin-top:24px\"><li style=\"color:#0B0620;\" class=\"wp-social-link wp-social-link-linkedin has-foreground-color wp-block-social-link\"><a href=\"https:\/\/www.linkedin.com\/in\/robin-bliefernich-401184317\/\" class=\"wp-block-social-link-anchor\"><svg width=\"24\" height=\"24\" viewbox=\"0 0 24 24\" version=\"1.1\" xmlns=\"http:\/\/www.w3.org\/2000\/svg\" aria-hidden=\"true\" focusable=\"false\"><path d=\"M19.7,3H4.3C3.582,3,3,3.582,3,4.3v15.4C3,20.418,3.582,21,4.3,21h15.4c0.718,0,1.3-0.582,1.3-1.3V4.3 C21,3.582,20.418,3,19.7,3z M8.339,18.338H5.667v-8.59h2.672V18.338z M7.004,8.574c-0.857,0-1.549-0.694-1.549-1.548 c0-0.855,0.691-1.548,1.549-1.548c0.854,0,1.547,0.694,1.547,1.548C8.551,7.881,7.858,8.574,7.004,8.574z M18.339,18.338h-2.669 v-4.177c0-0.996-0.017-2.278-1.387-2.278c-1.389,0-1.601,1.086-1.601,2.206v4.249h-2.667v-8.59h2.559v1.174h0.037 c0.356-0.675,1.227-1.387,2.526-1.387c2.703,0,3.203,1.779,3.203,4.092V18.338z\"><\/path><\/svg><span class=\"wp-block-social-link-label screen-reader-text\">LinkedIn<\/span><\/a><\/li><\/ul>\n\n\n\n<p class=\"has-small-font-size translation-block\" style=\"margin-top:12px\">Over 15 years of experience in the cable industry, specializing in manufacturing, design, quality assurance, and testing procedures, both in collaboration with a leading cable manufacturer and as an independent technical expert.<\/p>\n\n\n\n<p class=\"has-small-font-size translation-block\" style=\"margin-top:12px\">Has extensive expertise in managing high-voltage testing laboratories, overseeing quality assurance programs, and leading research and development projects.<\/p>\n<\/div>\n\n\n\n<div class=\"wp-block-column is-layout-flow wp-block-column-is-layout-flow\">\n<figure class=\"wp-block-image aligncenter size-full is-resized is-style-rounded\"><img loading=\"lazy\" decoding=\"async\" width=\"750\" height=\"750\" src=\"https:\/\/ar-cable.de\/wp-content\/uploads\/2025\/02\/\u0411\u0435\u0437-\u0438\u043c\u0435\u043d\u0438-1-1.jpg\" alt=\"\" class=\"wp-image-158\" style=\"object-fit:cover;width:243px;height:auto\" srcset=\"https:\/\/ar-cable.de\/wp-content\/uploads\/2025\/02\/\u0411\u0435\u0437-\u0438\u043c\u0435\u043d\u0438-1-1.jpg 750w, https:\/\/ar-cable.de\/wp-content\/uploads\/2025\/02\/\u0411\u0435\u0437-\u0438\u043c\u0435\u043d\u0438-1-1-300x300.jpg 300w, https:\/\/ar-cable.de\/wp-content\/uploads\/2025\/02\/\u0411\u0435\u0437-\u0438\u043c\u0435\u043d\u0438-1-1-150x150.jpg 150w, https:\/\/ar-cable.de\/wp-content\/uploads\/2025\/02\/\u0411\u0435\u0437-\u0438\u043c\u0435\u043d\u0438-1-1-12x12.jpg 12w\" sizes=\"auto, (max-width: 750px) 100vw, 750px\" \/><\/figure>\n\n\n\n<h4 class=\"wp-block-heading has-text-align-left\" style=\"margin-top:20px;font-size:clamp(14px, 0.875rem + ((1vw - 3.2px) * 0.625), 20px);\"><strong>Aleksa Sari\u0107<\/strong><\/h4>\n\n\n\n<ul class=\"wp-block-social-links has-small-icon-size has-icon-color is-style-logos-only is-layout-flex wp-container-core-social-links-is-layout-6ba166b4 wp-block-social-links-is-layout-flex\" style=\"margin-top:24px\"><li style=\"color:#0B0620;\" class=\"wp-social-link wp-social-link-linkedin has-foreground-color wp-block-social-link\"><a href=\"https:\/\/www.linkedin.com\/in\/aleksa-saric\/\" class=\"wp-block-social-link-anchor\"><svg width=\"24\" height=\"24\" viewbox=\"0 0 24 24\" version=\"1.1\" xmlns=\"http:\/\/www.w3.org\/2000\/svg\" aria-hidden=\"true\" focusable=\"false\"><path d=\"M19.7,3H4.3C3.582,3,3,3.582,3,4.3v15.4C3,20.418,3.582,21,4.3,21h15.4c0.718,0,1.3-0.582,1.3-1.3V4.3 C21,3.582,20.418,3,19.7,3z M8.339,18.338H5.667v-8.59h2.672V18.338z M7.004,8.574c-0.857,0-1.549-0.694-1.549-1.548 c0-0.855,0.691-1.548,1.549-1.548c0.854,0,1.547,0.694,1.547,1.548C8.551,7.881,7.858,8.574,7.004,8.574z M18.339,18.338h-2.669 v-4.177c0-0.996-0.017-2.278-1.387-2.278c-1.389,0-1.601,1.086-1.601,2.206v4.249h-2.667v-8.59h2.559v1.174h0.037 c0.356-0.675,1.227-1.387,2.526-1.387c2.703,0,3.203,1.779,3.203,4.092V18.338z\"><\/path><\/svg><span class=\"wp-block-social-link-label screen-reader-text\">LinkedIn<\/span><\/a><\/li><\/ul>\n\n\n\n<p class=\"has-small-font-size translation-block\" style=\"margin-top:12px\">Over 8 years of international experience in the cable industry, specializing in cable design, technical analysis, as well as factory and site inspections.<\/p>\n\n\n\n<p class=\"has-small-font-size translation-block\" style=\"margin-top:12px\">Unique experience and hands-on expertise from leading complex projects in Germany and the Middle East, successfully solving challenging technical issues through effective leadership.<\/p>\n<\/div>\n<\/div>\n<\/div>\n\n\n\n<div class=\"wp-block-group alignfull has-background-background-color has-background has-global-padding is-layout-constrained wp-container-core-group-is-layout-7276a2bb wp-block-group-is-layout-constrained\" id=\"ueber-uns\" style=\"margin-top:0;margin-bottom:0;padding-top:var(--wp--preset--spacing--60);padding-right:var(--wp--preset--spacing--30);padding-bottom:var(--wp--preset--spacing--60);padding-left:var(--wp--preset--spacing--30)\">\n<div class=\"wp-block-columns alignwide are-vertically-aligned-center is-layout-flex wp-container-core-columns-is-layout-47c06fe3 wp-block-columns-is-layout-flex\">\n<div class=\"wp-block-column is-vertically-aligned-center is-layout-flow wp-block-column-is-layout-flow\" style=\"flex-basis:33.3%\">\n<h2 class=\"wp-block-heading has-text-align-left has-large-font-size\"><strong>Our Team<\/strong><\/h2>\n\n\n\n<p style=\"margin-top:16px\">Our team consists of experienced engineers, cable specialists, and project managers with in-depth knowledge of the challenges and opportunities in the cable industry.<\/p>\n\n\n\n<p style=\"margin-top:16px\">From the early concept phase to final implementation, our experts work closely with clients to develop innovative, efficient, and cost-effective solutions tailored to specific project requirements.<\/p>\n<\/div>\n\n\n\n<div class=\"wp-block-column is-layout-flow wp-block-column-is-layout-flow\"><\/div>\n\n\n\n<div class=\"wp-block-column is-vertically-aligned-center is-layout-flow wp-container-core-column-is-layout-f5bb311e wp-block-column-is-layout-flow\" style=\"flex-basis:50%\">\n<figure class=\"wp-block-gallery has-nested-images columns-default is-cropped wp-block-gallery-2 is-layout-flex wp-block-gallery-is-layout-flex\">\n<figure class=\"wp-block-image\"><img loading=\"lazy\" decoding=\"async\" width=\"1280\" height=\"853\" data-id=\"39\" src=\"https:\/\/ar-cable.de\/wp-content\/uploads\/2024\/12\/d45275fe82cb24037a71b028973be4c4e91c67dc.jpg\" alt=\"\" class=\"wp-image-39\" style=\"aspect-ratio:3\/4;object-fit:cover\" srcset=\"https:\/\/ar-cable.de\/wp-content\/uploads\/2024\/12\/d45275fe82cb24037a71b028973be4c4e91c67dc.jpg 1280w, https:\/\/ar-cable.de\/wp-content\/uploads\/2024\/12\/d45275fe82cb24037a71b028973be4c4e91c67dc-300x200.jpg 300w, https:\/\/ar-cable.de\/wp-content\/uploads\/2024\/12\/d45275fe82cb24037a71b028973be4c4e91c67dc-1024x682.jpg 1024w, https:\/\/ar-cable.de\/wp-content\/uploads\/2024\/12\/d45275fe82cb24037a71b028973be4c4e91c67dc-768x512.jpg 768w\" sizes=\"auto, (max-width: 1280px) 100vw, 1280px\" \/><\/figure>\n\n\n\n<figure class=\"wp-block-image\"><img loading=\"lazy\" decoding=\"async\" width=\"773\" height=\"960\" data-id=\"40\" src=\"https:\/\/ar-cable.de\/wp-content\/uploads\/2024\/12\/2b6715f4500b75c5016f93689d3b889c30a1c1df.jpg\" alt=\"\" class=\"wp-image-40\" style=\"aspect-ratio:3\/4;object-fit:cover\" srcset=\"https:\/\/ar-cable.de\/wp-content\/uploads\/2024\/12\/2b6715f4500b75c5016f93689d3b889c30a1c1df.jpg 773w, https:\/\/ar-cable.de\/wp-content\/uploads\/2024\/12\/2b6715f4500b75c5016f93689d3b889c30a1c1df-242x300.jpg 242w, https:\/\/ar-cable.de\/wp-content\/uploads\/2024\/12\/2b6715f4500b75c5016f93689d3b889c30a1c1df-768x954.jpg 768w\" sizes=\"auto, (max-width: 773px) 100vw, 773px\" \/><\/figure>\n<\/figure>\n<\/div>\n<\/div>\n<\/div>\n\n\n\n<p><\/p>","protected":false},"excerpt":{"rendered":"<p>Robin Bliefernich \u00dcber 15 Jahre Erfahrung in der Kabelindustrie, spezialisiert auf Herstellung, Design, Qualit\u00e4tssicherung und Pr\u00fcfverfahren, sowohl in Zusammenarbeit mit einem f\u00fchrenden Kabelhersteller als auch als unabh\u00e4ngiger technischer Experte. Verf\u00fcgt \u00fcber fundierte Fachkenntnisse in der Leitung von Hochspannungs-Pr\u00fcflaboratorien, der \u00dcberwachung von Qualit\u00e4tssicherungsprogrammen sowie in der F\u00fchrung von Forschungs- und Entwicklungsprojekten. Aleksa Sari\u0107 \u00dcber 8 Jahre [&hellip;]<\/p>\n","protected":false},"author":1,"featured_media":0,"parent":0,"menu_order":0,"comment_status":"closed","ping_status":"closed","template":"no-title","meta":{"footnotes":""},"class_list":["post-17","page","type-page","status-publish","hentry"],"aioseo_notices":[],"_links":{"self":[{"href":"https:\/\/ar-cable.de\/en\/wp-json\/wp\/v2\/pages\/17","targetHints":{"allow":["GET"]}}],"collection":[{"href":"https:\/\/ar-cable.de\/en\/wp-json\/wp\/v2\/pages"}],"about":[{"href":"https:\/\/ar-cable.de\/en\/wp-json\/wp\/v2\/types\/page"}],"author":[{"embeddable":true,"href":"https:\/\/ar-cable.de\/en\/wp-json\/wp\/v2\/users\/1"}],"replies":[{"embeddable":true,"href":"https:\/\/ar-cable.de\/en\/wp-json\/wp\/v2\/comments?post=17"}],"version-history":[{"count":7,"href":"https:\/\/ar-cable.de\/en\/wp-json\/wp\/v2\/pages\/17\/revisions"}],"predecessor-version":[{"id":159,"href":"https:\/\/ar-cable.de\/en\/wp-json\/wp\/v2\/pages\/17\/revisions\/159"}],"wp:attachment":[{"href":"https:\/\/ar-cable.de\/en\/wp-json\/wp\/v2\/media?parent=17"}],"curies":[{"name":"wp","href":"https:\/\/api.w.org\/{rel}","templated":true}]}}