{"id":18,"date":"2024-12-23T06:44:48","date_gmt":"2024-12-23T06:44:48","guid":{"rendered":"https:\/\/ar-cable.de\/ueber\/"},"modified":"2025-04-07T04:26:43","modified_gmt":"2025-04-07T04:26:43","slug":"ueber","status":"publish","type":"page","link":"https:\/\/ar-cable.de\/en\/ueber\/","title":{"rendered":"\u00dcber uns"},"content":{"rendered":"<div class=\"wp-block-group alignfull has-background-background-color has-background has-global-padding is-layout-constrained wp-container-core-group-is-layout-c03f3b2a wp-block-group-is-layout-constrained\" style=\"padding-top:var(--wp--preset--spacing--60);padding-right:var(--wp--preset--spacing--30);padding-bottom:var(--wp--preset--spacing--60);padding-left:var(--wp--preset--spacing--30)\">\n<div class=\"wp-block-media-text alignwide has-media-on-the-right is-stacked-on-mobile is-vertically-aligned-center is-image-fill-element\" style=\"padding-right:0;padding-left:0;grid-template-columns:auto 40%\"><div class=\"wp-block-media-text__content\">\n<div class=\"wp-block-group has-global-padding is-content-justification-left is-layout-constrained wp-container-core-group-is-layout-cdff7eec wp-block-group-is-layout-constrained\" style=\"padding-top:var(--wp--preset--spacing--30);padding-right:0;padding-bottom:var(--wp--preset--spacing--30);padding-left:0\">\n<h2 class=\"wp-block-heading has-large-font-size\">Who We Are<\/h2>\n\n\n\n<p>We are a dynamic company that provides tailored solutions for the cable industry. With years of experience, we are committed to offering high-quality services to meet the diverse needs of our clients.<\/p>\n\n\n\n<h2 class=\"wp-block-heading has-large-font-size\">Our Mission<\/h2>\n\n\n\n<p>Our mission is to deliver innovative products and services that help our clients achieve their business goals efficiently and effectively. We strive for excellence in every aspect of our work, from product quality to customer service.<\/p>\n<\/div>\n<\/div><figure class=\"wp-block-media-text__media\"><img loading=\"lazy\" decoding=\"async\" width=\"1024\" height=\"683\" src=\"https:\/\/ar-cable.de\/wp-content\/uploads\/2025\/02\/hunters-race-MYbhN8KaaEc-unsplash-modified-1024x683.jpg\" alt=\"\" class=\"wp-image-139 size-full\" style=\"object-position:50% 50%\" srcset=\"https:\/\/ar-cable.de\/wp-content\/uploads\/2025\/02\/hunters-race-MYbhN8KaaEc-unsplash-modified-1024x683.jpg 1024w, https:\/\/ar-cable.de\/wp-content\/uploads\/2025\/02\/hunters-race-MYbhN8KaaEc-unsplash-modified-300x200.jpg 300w, https:\/\/ar-cable.de\/wp-content\/uploads\/2025\/02\/hunters-race-MYbhN8KaaEc-unsplash-modified-768x512.jpg 768w, https:\/\/ar-cable.de\/wp-content\/uploads\/2025\/02\/hunters-race-MYbhN8KaaEc-unsplash-modified-1536x1024.jpg 1536w, https:\/\/ar-cable.de\/wp-content\/uploads\/2025\/02\/hunters-race-MYbhN8KaaEc-unsplash-modified-2048x1365.jpg 2048w, https:\/\/ar-cable.de\/wp-content\/uploads\/2025\/02\/hunters-race-MYbhN8KaaEc-unsplash-modified-18x12.jpg 18w\" sizes=\"auto, (max-width: 1024px) 100vw, 1024px\" \/><\/figure><\/div>\n<\/div>\n\n\n<div class=\"wp-block-group alignfull has-background-background-color has-background\" style=\"padding: var(--wp--preset--spacing--60) var(--wp--preset--spacing--30);\">\n<div class=\"wp-block-media-text alignwide has-media-on-the-right is-stacked-on-mobile is-vertically-aligned-center is-image-fill-element\" style=\"padding: 0; grid-template-columns: 50% 50%;\">\n<div class=\"wp-block-media-text__content\">\n<div class=\"wp-block-group\" style=\"padding-left: 8%;\">\n<h2 class=\"wp-block-heading has-large-font-size\">Where Are We?<\/h2>\n<p style=\"margin-top: 16px;\">Unser B\u00fcro befindet sich in <strong>Am Sieltief 8, 26954 Nordenham<\/strong>.<\/p>\n<p class=\"has-large-font-size\"><strong>Kontaktinformationen<\/strong><\/p>\n<ul class=\"wp-block-list has-small-font-size\" style=\"line-height: 2;\">\n<li><strong>E-Mail:<\/strong> <a href=\"mailto:office@ar-cable.de\">office@ar-cable.de<\/a><\/li>\n<li><strong>Phone<\/strong> +49 1733066773<\/li>\n<\/ul>\n<\/div>\n<\/div>\n<figure class=\"wp-block-media-text__media\" style=\"max-width: 100%; margin: 0 auto; padding: 0;\">\n<iframe src=\"https:\/\/www.google.com\/maps\/embed?pb=!1m18!1m12!1m3!1d2373.117652967711!2d8.472459277475977!3d53.502093672334816!2m3!1f0!2f0!3f0!3m2!1i1024!2i768!4f13.1!3m3!1m2!1s0x47b6b9e9dc4db383%3A0xc8dbc48398003d77!2sAm%20Sieltief%208%2C%2026954%20Nordenham!5e0!3m2!1sde!2sde!4v1742811469162!5m2!1sde!2sde\" width=\"500px\" height=\"100%\" style=\"border:0;\" allowfullscreen=\"\" loading=\"lazy\" referrerpolicy=\"no-referrer-when-downgrade\"><\/iframe><br \/>\n<\/figure>\n<\/div>\n<\/div>","protected":false},"excerpt":{"rendered":"<p>Wer wir sind Wir sind ein dynamisches Unternehmen, das ma\u00dfgeschneiderte L\u00f6sungen f\u00fcr die Kabelindustrie bietet. Mit jahrelanger Erfahrung verpflichten wir uns, hochwertige Dienstleistungen anzubieten, um die vielf\u00e4ltigen Bed\u00fcrfnisse unserer Kunden zu erf\u00fcllen. Unsere Mission Unsere Mission ist es, innovative Produkte und Dienstleistungen zu liefern, die unseren Kunden helfen, ihre Gesch\u00e4ftsziele effizient und effektiv zu erreichen. [&hellip;]<\/p>\n","protected":false},"author":1,"featured_media":0,"parent":0,"menu_order":0,"comment_status":"closed","ping_status":"closed","template":"no-title","meta":{"footnotes":""},"class_list":["post-18","page","type-page","status-publish","hentry"],"aioseo_notices":[],"_links":{"self":[{"href":"https:\/\/ar-cable.de\/en\/wp-json\/wp\/v2\/pages\/18","targetHints":{"allow":["GET"]}}],"collection":[{"href":"https:\/\/ar-cable.de\/en\/wp-json\/wp\/v2\/pages"}],"about":[{"href":"https:\/\/ar-cable.de\/en\/wp-json\/wp\/v2\/types\/page"}],"author":[{"embeddable":true,"href":"https:\/\/ar-cable.de\/en\/wp-json\/wp\/v2\/users\/1"}],"replies":[{"embeddable":true,"href":"https:\/\/ar-cable.de\/en\/wp-json\/wp\/v2\/comments?post=18"}],"version-history":[{"count":32,"href":"https:\/\/ar-cable.de\/en\/wp-json\/wp\/v2\/pages\/18\/revisions"}],"predecessor-version":[{"id":224,"href":"https:\/\/ar-cable.de\/en\/wp-json\/wp\/v2\/pages\/18\/revisions\/224"}],"wp:attachment":[{"href":"https:\/\/ar-cable.de\/en\/wp-json\/wp\/v2\/media?parent=18"}],"curies":[{"name":"wp","href":"https:\/\/api.w.org\/{rel}","templated":true}]}}