{"id":56,"date":"2025-02-19T18:44:15","date_gmt":"2025-02-19T18:44:15","guid":{"rendered":"https:\/\/ar-cable.de\/?page_id=56"},"modified":"2025-02-19T18:45:16","modified_gmt":"2025-02-19T18:45:16","slug":"impressum","status":"publish","type":"page","link":"https:\/\/ar-cable.de\/en\/impressum\/","title":{"rendered":"Impressum"},"content":{"rendered":"<div class=\"wp-block-group alignfull has-background-background-color has-background has-global-padding is-layout-constrained wp-block-group-is-layout-constrained\" style=\"margin-top:0;margin-bottom:0;padding-top:0;padding-bottom:0\">\n<div class=\"wp-block-cover alignfull\" style=\"padding-top:0;padding-right:var(--wp--preset--spacing--30);padding-bottom:0;padding-left:var(--wp--preset--spacing--30);min-height:50px;aspect-ratio:unset;\"><span aria-hidden=\"true\" class=\"wp-block-cover__background has-black-background-color has-background-dim-60 has-background-dim\"><\/span><img loading=\"lazy\" decoding=\"async\" width=\"2560\" height=\"1706\" class=\"wp-block-cover__image-background wp-image-162\" alt=\"\" src=\"https:\/\/ar-cable.de\/wp-content\/uploads\/2025\/02\/markus-spiske-7PMGUqYQpYc-unsplash-scaled.jpg\" data-object-fit=\"cover\" srcset=\"https:\/\/ar-cable.de\/wp-content\/uploads\/2025\/02\/markus-spiske-7PMGUqYQpYc-unsplash-scaled.jpg 2560w, https:\/\/ar-cable.de\/wp-content\/uploads\/2025\/02\/markus-spiske-7PMGUqYQpYc-unsplash-300x200.jpg 300w, https:\/\/ar-cable.de\/wp-content\/uploads\/2025\/02\/markus-spiske-7PMGUqYQpYc-unsplash-1024x683.jpg 1024w, https:\/\/ar-cable.de\/wp-content\/uploads\/2025\/02\/markus-spiske-7PMGUqYQpYc-unsplash-768x512.jpg 768w, https:\/\/ar-cable.de\/wp-content\/uploads\/2025\/02\/markus-spiske-7PMGUqYQpYc-unsplash-1536x1024.jpg 1536w, https:\/\/ar-cable.de\/wp-content\/uploads\/2025\/02\/markus-spiske-7PMGUqYQpYc-unsplash-2048x1365.jpg 2048w, https:\/\/ar-cable.de\/wp-content\/uploads\/2025\/02\/markus-spiske-7PMGUqYQpYc-unsplash-18x12.jpg 18w\" sizes=\"auto, (max-width: 2560px) 100vw, 2560px\" \/><div class=\"wp-block-cover__inner-container is-layout-flow wp-block-cover-is-layout-flow\">\n<div class=\"wp-block-group has-global-padding is-layout-constrained wp-block-group-is-layout-constrained\" style=\"padding-top:var(--wp--preset--spacing--60);padding-bottom:var(--wp--preset--spacing--60)\">\n<h1 class=\"wp-block-heading alignwide has-text-align-left has-text-color has-x-large-font-size\" style=\"color:#fffffffc\">Impressum<\/h1>\n<\/div>\n<\/div><\/div>\n<\/div>\n\n\n\n<div class=\"wp-block-group alignfull has-background-background-color has-background has-global-padding is-layout-constrained wp-container-core-group-is-layout-7276a2bb wp-block-group-is-layout-constrained\" style=\"margin-top:0;margin-bottom:0;padding-top:var(--wp--preset--spacing--60);padding-right:var(--wp--preset--spacing--30);padding-bottom:var(--wp--preset--spacing--60);padding-left:var(--wp--preset--spacing--30)\">\n<div class=\"wp-block-group alignwide has-tertiary-background-color has-background is-content-justification-center is-layout-flex wp-container-core-group-is-layout-b28d07e8 wp-block-group-is-layout-flex\" style=\"padding-top:var(--wp--preset--spacing--50);padding-right:var(--wp--preset--spacing--50);padding-bottom:var(--wp--preset--spacing--50);padding-left:var(--wp--preset--spacing--50)\">\n<p>Gem\u00e4\u00df den gesetzlichen Bestimmungen nach \u00a7 5 Telemediengesetz (TMG) sind wir verpflichtet, die folgenden Informationen zur Verf\u00fcgung zu stellen. Dieses Impressum gilt f\u00fcr die Website <a href=\"https:\/\/ar-cable.de\/en\/\">AR Cable Consultant<\/a> und enth\u00e4lt alle relevanten Angaben zu unserem Unternehmen sowie zur rechtlichen Verantwortung.<br><br>Bei weiteren Fragen oder Anmerkungen k\u00f6nnen Sie sich jederzeit gerne mit uns in Verbindung setzen.<\/p>\n<\/div>\n\n\n\n<div class=\"wp-block-group alignwide has-tertiary-background-color has-background is-content-justification-center is-layout-flex wp-container-core-group-is-layout-b28d07e8 wp-block-group-is-layout-flex\" style=\"padding-top:var(--wp--preset--spacing--50);padding-right:var(--wp--preset--spacing--50);padding-bottom:var(--wp--preset--spacing--50);padding-left:var(--wp--preset--spacing--50)\">\n<p><strong>Verantwortlich:<\/strong><br>Robin Bliefernich<br>Aleksa Sari\u0107<br><br><strong>Kontakt:<\/strong><br>Gesch\u00e4ftsf\u00fchrer: Ing Robin Bliefernich<br>Elektrotechnik Ingenieur<br>Sieltief 8<br>26954 Nordenham<br>Deutschland<br><br><strong>E-Mail<\/strong>:<br>office@ar-cable.de<br>r.bliefernich@ar-cable.de<br>a.saric@ar-cable.de<\/p>\n\n\n\n<div class=\"wp-block-group alignfull has-tertiary-background-color has-background has-global-padding is-layout-constrained wp-container-core-group-is-layout-2b66b7a6 wp-block-group-is-layout-constrained\" style=\"padding-top:var(--wp--preset--spacing--60);padding-bottom:var(--wp--preset--spacing--60)\">\n<p class=\"has-text-align-left\"><strong>Telefon<\/strong>:<\/p>\n\n\n\n<p class=\"has-text-align-left\">+491733066773 (\ud83c\udf0d)<\/p>\n\n\n\n<p class=\"has-text-align-left\"><\/p>\n\n\n\n<p><a target=\"_blank\" href=\"http:\/\/www.handwerk-wesermarsch.de\/\" rel=\"noreferrer noopener\">Handwerker, Innungen und Informationen&nbsp;|&nbsp;Kreishandwerkerschaft Wesermarsch (handwerk-wesermarsch.de)<\/a><\/p>\n\n\n\n<p><a target=\"_blank\" href=\"https:\/\/www.energie-effizienz-experten.de\/sie-sindbauherr\/expertensuche\/expertensuche\" rel=\"noreferrer noopener\">Energie-Effizienz-Experten (EEE) Expertensuche |<\/a><\/p>\n\n\n\n<p><\/p>\n<\/div>\n<\/div>\n\n\n\n<p><\/p>\n\n\n\n<div class=\"wp-block-group alignwide has-tertiary-background-color has-background is-content-justification-space-between is-layout-flex wp-container-core-group-is-layout-4be20cc5 wp-block-group-is-layout-flex\" style=\"padding-top:var(--wp--preset--spacing--50);padding-right:var(--wp--preset--spacing--50);padding-bottom:var(--wp--preset--spacing--50);padding-left:var(--wp--preset--spacing--50)\">\n<h2 class=\"wp-block-heading\"><strong><strong>Disclaimer \u2013 Rechtliche Hinweise<\/strong><\/strong><\/h2>\n\n\n\n<p><\/p>\n\n\n\n<p><\/p>\n\n\n\n<p><\/p>\n\n\n\n<p><\/p>\n\n\n\n<h2 class=\"wp-block-heading\"><strong>\u00a71 Warnhinweis zu Inhalten<\/strong><\/h2>\n\n\n\n<p>Die kostenlosen und frei zug\u00e4nglichen Inhalte dieser Webseite wurden mit gr\u00f6\u00dftm\u00f6glicher Sorgfalt erstellt. Der Anbieter dieser Webseite \u00fcbernimmt jedoch keine Gew\u00e4hr f\u00fcr die Richtigkeit, Vollst\u00e4ndigkeit und Aktualit\u00e4t der bereitgestellten Informationen, insbesondere der journalistischen Ratgeber und Nachrichten.<\/p>\n\n\n\n<p>Namentlich gekennzeichnete Beitr\u00e4ge geben die Meinung des jeweiligen Autors wieder und entsprechen nicht zwingend der Meinung des Anbieters. Allein durch den Aufruf der kostenlosen und frei zug\u00e4nglichen Inhalte entsteht keinerlei Vertragsverh\u00e4ltnis zwischen dem Nutzer und dem Anbieter.<\/p>\n\n\n\n<h2 class=\"wp-block-heading\"><strong>\u00a72 Haftung f\u00fcr externe Links<\/strong><\/h2>\n\n\n\n<p>Diese Webseite enth\u00e4lt Links zu externen Webseiten Dritter (\u201eexterne Links\u201c). Diese Webseiten unterliegen der Haftung der jeweiligen Betreiber. Der Anbieter dieser Webseite hat bei der erstmaligen Verkn\u00fcpfung der externen Links deren Inhalte auf m\u00f6gliche Rechtsverst\u00f6\u00dfe \u00fcberpr\u00fcft. Zu diesem Zeitpunkt waren keine Verst\u00f6\u00dfe ersichtlich.<\/p>\n\n\n\n<p>Der Anbieter hat keinen Einfluss auf die aktuelle und zuk\u00fcnftige Gestaltung sowie die Inhalte der verlinkten Seiten. Das Setzen von externen Links bedeutet nicht, dass sich der Anbieter die hinter den Links liegenden Inhalte zu eigen macht. Eine kontinuierliche Kontrolle der externen Links ist ohne konkrete Hinweise auf Rechtsverst\u00f6\u00dfe nicht zumutbar. Bei Bekanntwerden von Rechtsverst\u00f6\u00dfen werden derartige Links unverz\u00fcglich entfernt.<\/p>\n\n\n\n<h2 class=\"wp-block-heading\"><strong>\u00a73 Urheber- und Leistungsschutzrechte<\/strong><\/h2>\n\n\n\n<p>Die auf dieser Website ver\u00f6ffentlichten Inhalte unterliegen dem deutschen Urheber- und Leistungsschutzrecht. Jede nicht vom Urheber- und Leistungsschutzrecht zugelassene Verwertung bedarf der vorherigen schriftlichen Zustimmung des Anbieters oder jeweiligen Rechteinhabers.<\/p>\n\n\n\n<p>Dies gilt insbesondere f\u00fcr:<\/p>\n\n\n\n<ul class=\"wp-block-list\">\n<li>Vervielf\u00e4ltigung<\/li>\n\n\n\n<li>Bearbeitung<\/li>\n\n\n\n<li>\u00dcbersetzung<\/li>\n\n\n\n<li>Einspeicherung<\/li>\n\n\n\n<li>Verarbeitung bzw. Wiedergabe von Inhalten in Datenbanken oder anderen elektronischen Medien und Systemen<\/li>\n<\/ul>\n\n\n\n<p>Die unerlaubte Vervielf\u00e4ltigung oder Weitergabe einzelner Inhalte oder kompletter Seiten ist nicht gestattet und strafbar. Die Herstellung von Kopien und Downloads f\u00fcr den pers\u00f6nlichen, privaten und nicht kommerziellen Gebrauch ist jedoch erlaubt.<\/p>\n\n\n\n<p>Die Darstellung dieser Website in fremden Frames ist nur mit schriftlicher Erlaubnis zul\u00e4ssig.<\/p>\n\n\n\n<h2 class=\"wp-block-heading\"><strong>\u00a74 Besondere Nutzungsbedingungen<\/strong><\/h2>\n\n\n\n<p>Soweit besondere Bedingungen f\u00fcr einzelne Nutzungen dieser Website von den vorgenannten Paragraphen abweichen, wird an entsprechender Stelle ausdr\u00fccklich darauf hingewiesen. In diesem Falle gelten im jeweiligen Einzelfall die besonderen Nutzungsbedingungen.<\/p>\n\n\n\n<h2 class=\"wp-block-heading\"><strong>\u00a75 Keine Abmahnung ohne vorherigen Kontakt<\/strong><\/h2>\n\n\n\n<p>Falls Sie wettbewerbsrechtliche, urheberrechtliche oder inhaltliche Verst\u00f6\u00dfe auf unserer Website feststellen, bitten wir um eine direkte Nachricht ohne Kostennote.<\/p>\n\n\n\n<p>Wir garantieren, dass zu Recht beanstandete Inhalte unverz\u00fcglich entfernt oder korrigiert werden, ohne dass die Einschaltung eines Anwalts erforderlich ist. Sollten dennoch ohne vorherige Kontaktaufnahme Kosten ausgel\u00f6st werden, werden wir diese vollumf\u00e4nglich zur\u00fcckweisen und gegebenenfalls Gegenklage wegen Verletzung der vorgenannten Bestimmungen einreichen.<\/p>\n<\/div>\n<\/div>\n\n\n\n<div class=\"wp-block-group alignfull has-tertiary-background-color has-background has-global-padding is-layout-constrained wp-container-core-group-is-layout-2b66b7a6 wp-block-group-is-layout-constrained\" style=\"padding-top:var(--wp--preset--spacing--60);padding-bottom:var(--wp--preset--spacing--60)\">\n<h1 class=\"wp-block-heading has-text-align-center\" style=\"margin-top:0px;margin-bottom:1rem\">Wenn Sie Fragen haben, kontaktieren Sie uns bitte.<\/h1>\n\n\n\n<div class=\"wp-block-buttons is-content-justification-center is-layout-flex wp-container-core-buttons-is-layout-41f55948 wp-block-buttons-is-layout-flex\" style=\"margin-top:3rem\">\n<div class=\"wp-block-button is-style-outline is-style-outline--1\"><a class=\"wp-block-button__link wp-element-button\" href=\"https:\/\/ar-cable.de\/en\/kontakt\/\">Contact Us<\/a><\/div>\n<\/div>\n<\/div>","protected":false},"excerpt":{"rendered":"<p>Gem\u00e4\u00df den gesetzlichen Bestimmungen nach \u00a7 5 Telemediengesetz (TMG) sind wir verpflichtet, die folgenden Informationen zur Verf\u00fcgung zu stellen. Dieses Impressum gilt f\u00fcr die Website AR Cable Consultant und enth\u00e4lt alle relevanten Angaben zu unserem Unternehmen sowie zur rechtlichen Verantwortung. Bei weiteren Fragen oder Anmerkungen k\u00f6nnen Sie sich jederzeit gerne mit uns in Verbindung setzen. [&hellip;]<\/p>\n","protected":false},"author":1,"featured_media":0,"parent":0,"menu_order":0,"comment_status":"closed","ping_status":"closed","template":"no-title","meta":{"footnotes":""},"class_list":["post-56","page","type-page","status-publish","hentry"],"aioseo_notices":[],"_links":{"self":[{"href":"https:\/\/ar-cable.de\/en\/wp-json\/wp\/v2\/pages\/56","targetHints":{"allow":["GET"]}}],"collection":[{"href":"https:\/\/ar-cable.de\/en\/wp-json\/wp\/v2\/pages"}],"about":[{"href":"https:\/\/ar-cable.de\/en\/wp-json\/wp\/v2\/types\/page"}],"author":[{"embeddable":true,"href":"https:\/\/ar-cable.de\/en\/wp-json\/wp\/v2\/users\/1"}],"replies":[{"embeddable":true,"href":"https:\/\/ar-cable.de\/en\/wp-json\/wp\/v2\/comments?post=56"}],"version-history":[{"count":3,"href":"https:\/\/ar-cable.de\/en\/wp-json\/wp\/v2\/pages\/56\/revisions"}],"predecessor-version":[{"id":165,"href":"https:\/\/ar-cable.de\/en\/wp-json\/wp\/v2\/pages\/56\/revisions\/165"}],"wp:attachment":[{"href":"https:\/\/ar-cable.de\/en\/wp-json\/wp\/v2\/media?parent=56"}],"curies":[{"name":"wp","href":"https:\/\/api.w.org\/{rel}","templated":true}]}}